{"id":6732,"date":"2021-12-14T16:51:22","date_gmt":"2021-12-14T16:51:22","guid":{"rendered":"https:\/\/digitalmemories.be\/?page_id=6732"},"modified":"2021-12-14T16:51:22","modified_gmt":"2021-12-14T16:51:22","slug":"publicaciones-2021","status":"publish","type":"page","link":"https:\/\/digitalmemories.be\/?page_id=6732","title":{"rendered":"Publicaciones 2021"},"content":{"rendered":"[vc_row type=\u00bbfull_width_content\u00bb full_screen_row_position=\u00bbmiddle\u00bb column_margin=\u00bbdefault\u00bb bg_image=\u00bb9&#8243; bg_position=\u00bbcenter center\u00bb bg_repeat=\u00bbno-repeat\u00bb bg_color=\u00bb#ffffff\u00bb scene_position=\u00bbcenter\u00bb text_color=\u00bbdark\u00bb text_align=\u00bbcenter\u00bb disable_element=\u00bbyes\u00bb enable_gradient=\u00bbtrue\u00bb color_overlay=\u00bb#585b64&#8243; color_overlay_2=\u00bb#2c2f38&#8243; gradient_direction=\u00bbleft_t_to_right_b\u00bb overlay_strength=\u00bb0.95&#8243; shape_divider_position=\u00bbbottom\u00bb bg_image_animation=\u00bbnone\u00bb shape_type=\u00bb\u00bb][vc_column centered_text=\u00bbtrue\u00bb column_padding=\u00bbno-extra-padding\u00bb column_padding_position=\u00bball\u00bb background_color_opacity=\u00bb1&#8243; background_hover_color_opacity=\u00bb1&#8243; column_link_target=\u00bb_self\u00bb column_shadow=\u00bbnone\u00bb column_border_radius=\u00bbnone\u00bb width=\u00bb1\/1&#8243; tablet_width_inherit=\u00bbdefault\u00bb tablet_text_alignment=\u00bbdefault\u00bb phone_text_alignment=\u00bbdefault\u00bb overlay_strength=\u00bb0.3&#8243; column_border_width=\u00bbnone\u00bb column_border_style=\u00bbsolid\u00bb bg_image_animation=\u00bbnone\u00bb][image_with_animation image_url=\u00bb6251&#8243; alignment=\u00bbcenter\u00bb animation=\u00bbFade In\u00bb hover_animation=\u00bbnone\u00bb border_radius=\u00bbnone\u00bb box_shadow=\u00bbnone\u00bb image_loading=\u00bbdefault\u00bb max_width=\u00bb100%\u00bb max_width_mobile=\u00bbdefault\u00bb][\/vc_column][\/vc_row][vc_row type=\u00bbfull_width_background\u00bb full_screen_row_position=\u00bbmiddle\u00bb column_margin=\u00bbdefault\u00bb bg_image=\u00bbhttp:\/\/themenectar.com\/demo\/salient-corporate\/wp-content\/uploads\/2016\/01\/blur.png\u00bb bg_position=\u00bbleft top\u00bb bg_repeat=\u00bbno-repeat\u00bb scene_position=\u00bbcenter\u00bb text_color=\u00bbdark\u00bb text_align=\u00bbleft\u00bb top_padding=\u00bb3%\u00bb bottom_padding=\u00bb3%\u00bb enable_gradient=\u00bbtrue\u00bb color_overlay=\u00bb#ffffff\u00bb gradient_direction=\u00bbtop_to_bottom\u00bb overlay_strength=\u00bb1&#8243; shape_divider_position=\u00bbbottom\u00bb bg_image_animation=\u00bbnone\u00bb shape_type=\u00bb\u00bb][vc_column column_padding=\u00bbno-extra-padding\u00bb column_padding_position=\u00bball\u00bb background_color_opacity=\u00bb1&#8243; background_hover_color_opacity=\u00bb1&#8243; column_link_target=\u00bb_self\u00bb column_shadow=\u00bbnone\u00bb column_border_radius=\u00bbnone\u00bb width=\u00bb1\/1&#8243; tablet_width_inherit=\u00bbdefault\u00bb tablet_text_alignment=\u00bbdefault\u00bb phone_text_alignment=\u00bbdefault\u00bb overlay_strength=\u00bb0.3&#8243; column_border_width=\u00bbnone\u00bb column_border_style=\u00bbsolid\u00bb bg_image_animation=\u00bbnone\u00bb][vc_row_inner column_margin=\u00bbdefault\u00bb bottom_padding=\u00bb5%\u00bb text_align=\u00bbleft\u00bb][vc_column_inner column_padding=\u00bbno-extra-padding\u00bb column_padding_position=\u00bball\u00bb background_color_opacity=\u00bb1&#8243; background_hover_color_opacity=\u00bb1&#8243; column_shadow=\u00bbnone\u00bb column_border_radius=\u00bbnone\u00bb column_link_target=\u00bb_self\u00bb width=\u00bb1\/6&#8243; tablet_width_inherit=\u00bbdefault\u00bb overlay_strength=\u00bb0.3&#8243; column_border_width=\u00bbnone\u00bb column_border_style=\u00bbsolid\u00bb bg_image_animation=\u00bbnone\u00bb][\/vc_column_inner][vc_column_inner column_padding=\u00bbno-extra-padding\u00bb column_padding_position=\u00bball\u00bb background_color_opacity=\u00bb1&#8243; background_hover_color_opacity=\u00bb1&#8243; column_shadow=\u00bbnone\u00bb column_border_radius=\u00bbnone\u00bb column_link_target=\u00bb_self\u00bb width=\u00bb2\/3&#8243; tablet_width_inherit=\u00bbdefault\u00bb overlay_strength=\u00bb0.3&#8243; column_border_width=\u00bbnone\u00bb column_border_style=\u00bbsolid\u00bb bg_image_animation=\u00bbnone\u00bb][split_line_heading animation_type=\u00bbdefault\u00bb]\n<h3 class=\"vc_custom_heading\" style=\"text-align: center;\">2021<\/h3>\n[\/split_line_heading][vc_column_text]\n<ul>\n<li>Guercke, Lene. 2021. <em>Protecting Victims of Disappearances Committed by Organised Criminal Groups: State Responsibility in International Human Rights Law and the Experiences of Human Rights Practitioners in Mexico.<\/em> Doctoral Dissertation. Faculty of Law, KU Leuven. Supervisor: Stephan Parmentier, Co-supervisor: Silvana Mandolessi.<\/li>\n<\/ul>\n<p>&nbsp;<\/p>\n<ul>\n<li>Z\u00edcari, Martin.\u00a02021. <em>Choreographing Remembrance: Digital Contention and Street Action against Human Rights Abuses in Mexico (1968\u20132014).<\/em> Doctoral Dissertation. Faculty of Arts. KU Leuven. Supervisor: Silvana Mandolessi.<\/li>\n<\/ul>\n<p>&nbsp;<\/p>\n<ul>\n<li>Dufays, Sophie, Mart\u00edn Z\u00edcari, Silvana Mandolessi and Bruno Cardoso. 2021. \u201cTwitter as a Mnemonic Medium from an Ecological Perspective: Ayotzinapa and the Memory of Tlatelolco\u201d. <em>History &amp; Memory<\/em> Vol. 33, No. 2: 46-79 (Fall\/Winter 2021).<\/li>\n<\/ul>\n<p>&nbsp;<\/p>\n<ul>\n<li>Dufays, Sophie. 2021. \u201cRostros digitalizados y desaparici\u00f3n en M\u00e9xico. El caso de las fotos de los 43 normalistas de Ayotzinapa\u201d. DeSignis, dossier \u201cEl rostro digital latinoamericano\u201d, dir. Massimo Leone, Cristina Voto and Jos\u00e9 Enrique Fino, Fall 2021, pp. 147-160. <a href=\"https:\/\/www.designisfels.net\/hors-serie\/el-rostro-en-el-horizonte-digital-latinoamericano\/\">https:\/\/www.designisfels.net\/hors-serie\/el-rostro-en-el-horizonte-digital-latinoamericano\/<\/a><\/li>\n<\/ul>\n<p>&nbsp;<\/p>\n<ul>\n<li>Dufays, Sophie, and Pablo Piedras. 2021. \u201cAnalog\u00edas impertinentes. Voces, canciones y artefactos tecnol\u00f3gicos en la revisi\u00f3n de los setenta del cine argentino reciente\u201d, <em>Kamchatka<\/em> 17, 415-451. <a href=\"https:\/\/ojs.uv.es\/index.php\/kamchatka\/article\/view\/18952\/18517\">https:\/\/ojs.uv.es\/index.php\/kamchatka\/article\/view\/18952\/18517<\/a><\/li>\n<\/ul>\n<p>&nbsp;<\/p>\n<ul>\n<li>Guercke, Lene. \u00abState Responsibility for a Failure to Prevent Violations of the Right to Life by Organised Criminal Groups: Disappearances in Mexico.\u00bb\u00a0<em>Human Rights Law Review<\/em>\u00a021, no. 2 (2021): 329-57. <a href=\"https:\/\/doi.org\/10.1093\/hrlr\/ngaa061\">https:\/\/doi.org\/10.1093\/hrlr\/ngaa061<\/a><\/li>\n<\/ul>\n<p>&nbsp;<\/p>\n<ul>\n<li>Mandolessi, Silvana. 2021. \u201cConclusions\u201d. Ansolabehere, Karina, Barbara Frey and Leigh Payne (eds). <em>Disappearance in the Post-Transition Era in Latin America<\/em>. Oxford: Oxford University Press. 270-277.<\/li>\n<\/ul>\n<p>&nbsp;<\/p>\n<ul>\n<li>Mandolessi, Silvana. 2021. \u201cChallenging the Placeless Imaginary in Digital Memories: The Performation of Place in the Work of Forensic Architecture\u201d. <em>Memory Studies<\/em> 14.3 (2021): 622-633. <a href=\"https:\/\/doi.org\/10.1177\/17506980211010922\">https:\/\/doi.org\/10.1177\/17506980211010922<\/a><\/li>\n<\/ul>\n<p>&nbsp;<\/p>\n<ul>\n<li>Mandolessi, Silvana and Katia Olalde. 2021. \u201cOn how to remember: Bordando por la paz and Memorial a las v\u00edctimas de la violencia: the struggle for memory in Mexico\u2019s \u2018war on drugs\u2019\u201d. <em>Journal of Romance Studies <\/em>21.1 (2021): 69-94.<\/li>\n<\/ul>\n<p>&nbsp;<\/p>\n<ul>\n<li>Z\u00edcari, Mart\u00edn. 2021. \u201cFue El Estado (\u2018It Was the State\u2019): Embodied Practices of Memory and the Re-writing of Mexico\u2019s Genealogy of Violence\u201d\u00a0<em>Memory Studies<\/em><\/li>\n<\/ul>\n[\/vc_column_text][\/vc_column_inner][vc_column_inner column_padding=\u00bbno-extra-padding\u00bb column_padding_position=\u00bball\u00bb background_color_opacity=\u00bb1&#8243; background_hover_color_opacity=\u00bb1&#8243; column_shadow=\u00bbnone\u00bb column_border_radius=\u00bbnone\u00bb column_link_target=\u00bb_self\u00bb width=\u00bb1\/6&#8243; tablet_width_inherit=\u00bbdefault\u00bb overlay_strength=\u00bb0.3&#8243; column_border_width=\u00bbnone\u00bb column_border_style=\u00bbsolid\u00bb bg_image_animation=\u00bbnone\u00bb][\/vc_column_inner][\/vc_row_inner][vc_row_inner content_placement=\u00bbmiddle\u00bb column_margin=\u00bb20px\u00bb text_align=\u00bbleft\u00bb][vc_column_inner column_padding=\u00bbno-extra-padding\u00bb column_padding_position=\u00bball\u00bb background_color_opacity=\u00bb1&#8243; background_hover_color_opacity=\u00bb1&#8243; column_shadow=\u00bbnone\u00bb column_border_radius=\u00bbnone\u00bb column_link_target=\u00bb_self\u00bb width=\u00bb1\/6&#8243; tablet_width_inherit=\u00bbdefault\u00bb overlay_strength=\u00bb0.3&#8243; column_border_width=\u00bbnone\u00bb column_border_style=\u00bbsolid\u00bb bg_image_animation=\u00bbnone\u00bb enable_animation=\u00bbtrue\u00bb animation=\u00bbfade-in-from-bottom\u00bb][\/vc_column_inner][vc_column_inner column_padding=\u00bbno-extra-padding\u00bb column_padding_position=\u00bball\u00bb background_color_opacity=\u00bb1&#8243; background_hover_color_opacity=\u00bb1&#8243; column_shadow=\u00bbnone\u00bb column_border_radius=\u00bbnone\u00bb column_link_target=\u00bb_self\u00bb width=\u00bb1\/6&#8243; tablet_width_inherit=\u00bbdefault\u00bb overlay_strength=\u00bb0.3&#8243; column_border_width=\u00bbnone\u00bb column_border_style=\u00bbsolid\u00bb bg_image_animation=\u00bbnone\u00bb][\/vc_column_inner][vc_column_inner column_padding=\u00bbno-extra-padding\u00bb column_padding_position=\u00bball\u00bb background_color_opacity=\u00bb1&#8243; background_hover_color_opacity=\u00bb1&#8243; column_shadow=\u00bbnone\u00bb column_border_radius=\u00bbnone\u00bb column_link_target=\u00bb_self\u00bb width=\u00bb1\/6&#8243; tablet_width_inherit=\u00bbdefault\u00bb overlay_strength=\u00bb0.3&#8243; column_border_width=\u00bbnone\u00bb column_border_style=\u00bbsolid\u00bb bg_image_animation=\u00bbnone\u00bb][image_with_animation image_url=\u00bb6610&#8243; alignment=\u00bbcenter\u00bb animation=\u00bbFade In\u00bb img_link_target=\u00bb_blank\u00bb hover_animation=\u00bbzoom-crop\u00bb border_radius=\u00bbnone\u00bb box_shadow=\u00bbnone\u00bb image_loading=\u00bbdefault\u00bb max_width=\u00bb100%\u00bb max_width_mobile=\u00bbdefault\u00bb margin_top=\u00bb20&#8243; img_link=\u00bbhttps:\/\/erc.europa.eu\u00bb][\/vc_column_inner][vc_column_inner column_padding=\u00bbno-extra-padding\u00bb column_padding_position=\u00bball\u00bb background_color_opacity=\u00bb1&#8243; background_hover_color_opacity=\u00bb1&#8243; column_shadow=\u00bbnone\u00bb column_border_radius=\u00bbnone\u00bb column_link_target=\u00bb_self\u00bb width=\u00bb1\/6&#8243; tablet_width_inherit=\u00bbdefault\u00bb overlay_strength=\u00bb0.3&#8243; column_border_width=\u00bbnone\u00bb column_border_style=\u00bbsolid\u00bb bg_image_animation=\u00bbnone\u00bb][image_with_animation image_url=\u00bb6260&#8243; alignment=\u00bbcenter\u00bb animation=\u00bbFade In\u00bb img_link_target=\u00bb_blank\u00bb hover_animation=\u00bbzoom\u00bb border_radius=\u00bbnone\u00bb box_shadow=\u00bbnone\u00bb image_loading=\u00bbdefault\u00bb max_width=\u00bb100%\u00bb max_width_mobile=\u00bbdefault\u00bb margin_top=\u00bb20&#8243; img_link=\u00bbhttps:\/\/www.kuleuven.be\/kuleuven\/\u00bb][\/vc_column_inner][vc_column_inner column_padding=\u00bbno-extra-padding\u00bb column_padding_position=\u00bball\u00bb background_color_opacity=\u00bb1&#8243; background_hover_color_opacity=\u00bb1&#8243; column_shadow=\u00bbnone\u00bb column_border_radius=\u00bbnone\u00bb column_link_target=\u00bb_self\u00bb width=\u00bb1\/6&#8243; tablet_width_inherit=\u00bbdefault\u00bb overlay_strength=\u00bb0.3&#8243; column_border_width=\u00bbnone\u00bb column_border_style=\u00bbsolid\u00bb bg_image_animation=\u00bbnone\u00bb][\/vc_column_inner][vc_column_inner column_padding=\u00bbno-extra-padding\u00bb column_padding_position=\u00bball\u00bb background_color_opacity=\u00bb1&#8243; background_hover_color_opacity=\u00bb1&#8243; column_shadow=\u00bbnone\u00bb column_border_radius=\u00bbnone\u00bb column_link_target=\u00bb_self\u00bb width=\u00bb1\/6&#8243; tablet_width_inherit=\u00bbdefault\u00bb overlay_strength=\u00bb0.3&#8243; column_border_width=\u00bbnone\u00bb column_border_style=\u00bbsolid\u00bb bg_image_animation=\u00bbnone\u00bb][\/vc_column_inner][\/vc_row_inner][\/vc_column][\/vc_row]\n","protected":false},"excerpt":{"rendered":"<p>[vc_row type=\u00bbfull_width_content\u00bb full_screen_row_position=\u00bbmiddle\u00bb column_margin=\u00bbdefault\u00bb bg_image=\u00bb9&#8243; bg_position=\u00bbcenter center\u00bb bg_repeat=\u00bbno-repeat\u00bb bg_color=\u00bb#ffffff\u00bb scene_position=\u00bbcenter\u00bb text_color=\u00bbdark\u00bb text_align=\u00bbcenter\u00bb disable_element=\u00bbyes\u00bb enable_gradient=\u00bbtrue\u00bb color_overlay=\u00bb#585b64&#8243; color_overlay_2=\u00bb#2c2f38&#8243; gradient_direction=\u00bbleft_t_to_right_b\u00bb overlay_strength=\u00bb0.95&#8243; shape_divider_position=\u00bbbottom\u00bb bg_image_animation=\u00bbnone\u00bb shape_type=\u00bb\u00bb][vc_column centered_text=\u00bbtrue\u00bb column_padding=\u00bbno-extra-padding\u00bb column_padding_position=\u00bball\u00bb background_color_opacity=\u00bb1&#8243; background_hover_color_opacity=\u00bb1&#8243; column_link_target=\u00bb_self\u00bb column_shadow=\u00bbnone\u00bb column_border_radius=\u00bbnone\u00bb width=\u00bb1\/1&#8243;&#8230;<\/p>\n","protected":false},"author":1,"featured_media":0,"parent":0,"menu_order":0,"comment_status":"closed","ping_status":"closed","template":"","meta":[],"yoast_head":"<!-- This site is optimized with the Yoast SEO plugin v16.4 - https:\/\/yoast.com\/wordpress\/plugins\/seo\/ -->\n<title>Publicaciones 2021 - Digital Memories<\/title>\n<meta name=\"robots\" content=\"index, follow, max-snippet:-1, max-image-preview:large, max-video-preview:-1\" \/>\n<link rel=\"canonical\" href=\"https:\/\/digitalmemories.be\/?page_id=6732\" \/>\n<meta property=\"og:locale\" content=\"es_ES\" \/>\n<meta property=\"og:type\" content=\"article\" \/>\n<meta property=\"og:title\" content=\"Publicaciones 2021 - Digital Memories\" \/>\n<meta property=\"og:description\" content=\"[vc_row type=\u00bbfull_width_content\u00bb full_screen_row_position=\u00bbmiddle\u00bb column_margin=\u00bbdefault\u00bb bg_image=\u00bb9&#8243; bg_position=\u00bbcenter center\u00bb bg_repeat=\u00bbno-repeat\u00bb bg_color=\u00bb#ffffff\u00bb scene_position=\u00bbcenter\u00bb text_color=\u00bbdark\u00bb text_align=\u00bbcenter\u00bb disable_element=\u00bbyes\u00bb enable_gradient=\u00bbtrue\u00bb color_overlay=\u00bb#585b64&#8243; color_overlay_2=\u00bb#2c2f38&#8243; gradient_direction=\u00bbleft_t_to_right_b\u00bb overlay_strength=\u00bb0.95&#8243; shape_divider_position=\u00bbbottom\u00bb bg_image_animation=\u00bbnone\u00bb shape_type=\u00bb\u00bb][vc_column centered_text=\u00bbtrue\u00bb column_padding=\u00bbno-extra-padding\u00bb column_padding_position=\u00bball\u00bb background_color_opacity=\u00bb1&#8243; background_hover_color_opacity=\u00bb1&#8243; column_link_target=\u00bb_self\u00bb column_shadow=\u00bbnone\u00bb column_border_radius=\u00bbnone\u00bb width=\u00bb1\/1&#8243;...\" \/>\n<meta property=\"og:url\" content=\"https:\/\/digitalmemories.be\/?page_id=6732\" \/>\n<meta property=\"og:site_name\" content=\"Digital Memories\" \/>\n<meta name=\"twitter:card\" content=\"summary_large_image\" \/>\n<meta name=\"twitter:label1\" content=\"Tiempo de lectura\" \/>\n\t<meta name=\"twitter:data1\" content=\"3 minutos\" \/>\n<script type=\"application\/ld+json\" class=\"yoast-schema-graph\">{\"@context\":\"https:\/\/schema.org\",\"@graph\":[{\"@type\":\"WebSite\",\"@id\":\"https:\/\/digitalmemories.be\/#website\",\"url\":\"https:\/\/digitalmemories.be\/\",\"name\":\"Digital Memories\",\"description\":\"\",\"potentialAction\":[{\"@type\":\"SearchAction\",\"target\":\"https:\/\/digitalmemories.be\/?s={search_term_string}\",\"query-input\":\"required name=search_term_string\"}],\"inLanguage\":\"es\"},{\"@type\":\"WebPage\",\"@id\":\"https:\/\/digitalmemories.be\/?page_id=6732#webpage\",\"url\":\"https:\/\/digitalmemories.be\/?page_id=6732\",\"name\":\"Publicaciones 2021 - Digital Memories\",\"isPartOf\":{\"@id\":\"https:\/\/digitalmemories.be\/#website\"},\"datePublished\":\"2021-12-14T16:51:22+00:00\",\"dateModified\":\"2021-12-14T16:51:22+00:00\",\"breadcrumb\":{\"@id\":\"https:\/\/digitalmemories.be\/?page_id=6732#breadcrumb\"},\"inLanguage\":\"es\",\"potentialAction\":[{\"@type\":\"ReadAction\",\"target\":[\"https:\/\/digitalmemories.be\/?page_id=6732\"]}]},{\"@type\":\"BreadcrumbList\",\"@id\":\"https:\/\/digitalmemories.be\/?page_id=6732#breadcrumb\",\"itemListElement\":[{\"@type\":\"ListItem\",\"position\":1,\"item\":{\"@type\":\"WebPage\",\"@id\":\"https:\/\/digitalmemories.be\/\",\"url\":\"https:\/\/digitalmemories.be\/\",\"name\":\"Portada\"}},{\"@type\":\"ListItem\",\"position\":2,\"item\":{\"@id\":\"https:\/\/digitalmemories.be\/?page_id=6732#webpage\"}}]}]}<\/script>\n<!-- \/ Yoast SEO plugin. -->","_links":{"self":[{"href":"https:\/\/digitalmemories.be\/index.php?rest_route=\/wp\/v2\/pages\/6732"}],"collection":[{"href":"https:\/\/digitalmemories.be\/index.php?rest_route=\/wp\/v2\/pages"}],"about":[{"href":"https:\/\/digitalmemories.be\/index.php?rest_route=\/wp\/v2\/types\/page"}],"author":[{"embeddable":true,"href":"https:\/\/digitalmemories.be\/index.php?rest_route=\/wp\/v2\/users\/1"}],"replies":[{"embeddable":true,"href":"https:\/\/digitalmemories.be\/index.php?rest_route=%2Fwp%2Fv2%2Fcomments&post=6732"}],"version-history":[{"count":1,"href":"https:\/\/digitalmemories.be\/index.php?rest_route=\/wp\/v2\/pages\/6732\/revisions"}],"predecessor-version":[{"id":6733,"href":"https:\/\/digitalmemories.be\/index.php?rest_route=\/wp\/v2\/pages\/6732\/revisions\/6733"}],"wp:attachment":[{"href":"https:\/\/digitalmemories.be\/index.php?rest_route=%2Fwp%2Fv2%2Fmedia&parent=6732"}],"curies":[{"name":"wp","href":"https:\/\/api.w.org\/{rel}","templated":true}]}}