{"id":6226,"date":"2015-12-30T15:17:20","date_gmt":"2015-12-30T15:17:20","guid":{"rendered":"http:\/\/themenectar.com\/demo\/salient-corporate\/?page_id=4"},"modified":"2020-03-30T14:24:16","modified_gmt":"2020-03-30T14:24:16","slug":"sobre-el-proyecto","status":"publish","type":"page","link":"https:\/\/digitalmemories.be\/?page_id=6226","title":{"rendered":"Sobre el proyecto"},"content":{"rendered":"[vc_row type=\u00bbfull_width_content\u00bb full_screen_row_position=\u00bbmiddle\u00bb column_margin=\u00bbdefault\u00bb bg_image=\u00bb9&#8243; bg_position=\u00bbcenter center\u00bb bg_repeat=\u00bbno-repeat\u00bb bg_color=\u00bb#ffffff\u00bb scene_position=\u00bbcenter\u00bb text_color=\u00bbdark\u00bb text_align=\u00bbcenter\u00bb enable_gradient=\u00bbtrue\u00bb color_overlay=\u00bb#585b64&#8243; color_overlay_2=\u00bb#2c2f38&#8243; gradient_direction=\u00bbleft_t_to_right_b\u00bb overlay_strength=\u00bb0.95&#8243; shape_divider_position=\u00bbbottom\u00bb bg_image_animation=\u00bbnone\u00bb shape_type=\u00bb\u00bb][vc_column centered_text=\u00bbtrue\u00bb column_padding=\u00bbno-extra-padding\u00bb column_padding_position=\u00bball\u00bb background_color_opacity=\u00bb1&#8243; background_hover_color_opacity=\u00bb1&#8243; column_link_target=\u00bb_self\u00bb column_shadow=\u00bbnone\u00bb column_border_radius=\u00bbnone\u00bb width=\u00bb1\/1&#8243; tablet_width_inherit=\u00bbdefault\u00bb tablet_text_alignment=\u00bbdefault\u00bb phone_text_alignment=\u00bbdefault\u00bb overlay_strength=\u00bb0.3&#8243; column_border_width=\u00bbnone\u00bb column_border_style=\u00bbsolid\u00bb bg_image_animation=\u00bbnone\u00bb][image_with_animation image_url=\u00bb6251&#8243; alignment=\u00bbcenter\u00bb animation=\u00bbFade In\u00bb hover_animation=\u00bbnone\u00bb border_radius=\u00bbnone\u00bb box_shadow=\u00bbnone\u00bb image_loading=\u00bbdefault\u00bb max_width=\u00bb100%\u00bb max_width_mobile=\u00bbdefault\u00bb][\/vc_column][\/vc_row][vc_row type=\u00bbfull_width_background\u00bb full_screen_row_position=\u00bbmiddle\u00bb column_margin=\u00bbdefault\u00bb bg_image=\u00bbhttp:\/\/themenectar.com\/demo\/salient-corporate\/wp-content\/uploads\/2016\/01\/blur.png\u00bb bg_position=\u00bbleft top\u00bb bg_repeat=\u00bbno-repeat\u00bb scene_position=\u00bbcenter\u00bb text_color=\u00bbdark\u00bb text_align=\u00bbleft\u00bb top_padding=\u00bb3%\u00bb bottom_padding=\u00bb325&#8243; enable_gradient=\u00bbtrue\u00bb color_overlay=\u00bb#ffffff\u00bb gradient_direction=\u00bbtop_to_bottom\u00bb overlay_strength=\u00bb1&#8243; shape_divider_position=\u00bbbottom\u00bb bg_image_animation=\u00bbnone\u00bb][vc_column column_padding=\u00bbno-extra-padding\u00bb column_padding_position=\u00bball\u00bb background_color_opacity=\u00bb1&#8243; background_hover_color_opacity=\u00bb1&#8243; column_link_target=\u00bb_self\u00bb column_shadow=\u00bbnone\u00bb column_border_radius=\u00bbnone\u00bb width=\u00bb1\/6&#8243; tablet_width_inherit=\u00bbdefault\u00bb tablet_text_alignment=\u00bbdefault\u00bb phone_text_alignment=\u00bbdefault\u00bb overlay_strength=\u00bb0.3&#8243; column_border_width=\u00bbnone\u00bb column_border_style=\u00bbsolid\u00bb bg_image_animation=\u00bbnone\u00bb][\/vc_column][vc_column column_padding=\u00bbpadding-1-percent\u00bb column_padding_position=\u00bball\u00bb background_color_opacity=\u00bb1&#8243; background_hover_color_opacity=\u00bb1&#8243; column_link_target=\u00bb_self\u00bb column_shadow=\u00bbnone\u00bb column_border_radius=\u00bbnone\u00bb width=\u00bb2\/3&#8243; tablet_width_inherit=\u00bbdefault\u00bb tablet_text_alignment=\u00bbdefault\u00bb phone_text_alignment=\u00bbdefault\u00bb overlay_strength=\u00bb0.3&#8243; column_border_width=\u00bbnone\u00bb column_border_style=\u00bbsolid\u00bb bg_image_animation=\u00bbnone\u00bb][split_line_heading animation_type=\u00bbdefault\u00bb]\n<h2 class=\"vc_custom_heading\" style=\"text-align: center;\">&#8216;TODOS SOMOS AYOTZINAPA&#8217;: EL ROL DE LOS MEDIOS DIGITALES EN LA FORMACI\u00d3N DE MEMORIAS TRANSNACIONALES SOBRE LA DESAPARICI\u00d3N<\/h2>\n[\/split_line_heading][vc_row_inner column_margin=\u00bbdefault\u00bb top_padding=\u00bb15&#8243; bottom_padding=\u00bb25&#8243; text_align=\u00bbleft\u00bb][vc_column_inner column_padding=\u00bbno-extra-padding\u00bb column_padding_position=\u00bball\u00bb background_color_opacity=\u00bb1&#8243; background_hover_color_opacity=\u00bb1&#8243; column_shadow=\u00bbnone\u00bb column_border_radius=\u00bbnone\u00bb column_link_target=\u00bb_self\u00bb width=\u00bb1\/1&#8243; tablet_width_inherit=\u00bbdefault\u00bb overlay_strength=\u00bb0.3&#8243; column_border_width=\u00bbnone\u00bb column_border_style=\u00bbsolid\u00bb bg_image_animation=\u00bbnone\u00bb enable_animation=\u00bbtrue\u00bb animation=\u00bbfade-in-from-bottom\u00bb][vc_column_text]\n<div class=\"vc_row wpb_row vc_row-fluid\">\n<div class=\"wpb_column vc_column_container vc_col-sm-12\">\n<div class=\"vc_column-inner\">\n<div class=\"wpb_wrapper\">\n<div class=\"wpb_text_column wpb_content_element \">\n<div class=\"wpb_wrapper\">\n<p style=\"text-align: justify;\"><span style=\"color: #333333;\">La desaparici\u00f3n forzada es una tecnolog\u00eda de represi\u00f3n transnacional que fue implementada durante las d\u00e9cadas del 70 y 80 en Am\u00e9rica Latina. Para denunciar esta represi\u00f3n, los actores de la sociedad civil desarrollaron im\u00e1genes, estrategias y pr\u00e1cticas, creando un repertorio mnem\u00f3nico. Aunque esta t\u00e9cnica represiva fue tambi\u00e9n utilizada en M\u00e9xico en el mismo per\u00edodo, M\u00e9xico permanece ausente en la historia \u2013y la memoria\u2212 de la desaparici\u00f3n en el mundo hisp\u00e1nico. Este fen\u00f3meno tom\u00f3 una nueva dimensi\u00f3n a partir del 2006: alrededor de 30.000 personas han desaparecido en el contexto de la llamada \u201cGuerra contra el narco\u201d. Sin embargo, no fue hasta la desaparici\u00f3n de los 43 estudiantes de Ayotzinapa que la problem\u00e1tica de la desaparici\u00f3n forzada en M\u00e9xico obtuvo una atenci\u00f3n global, dando lugar a protestas y expresiones de solidaridad en todo el mundo. La hip\u00f3tesis de este proyecto es que este caso, tipificado efectivamente como \u201cdesaparici\u00f3n forzada\u201d, activ\u00f3 una memoria trasnacional de la desaparici\u00f3n en el mundo hisp\u00e1nico, la que contribuy\u00f3 a proveer de contenido y significado al fen\u00f3meno soslayado en M\u00e9xico. El rol de los medios digitales fue crucial en el surgimiento de un movimiento de protesta que dio visibilidad al fen\u00f3meno en la arena transnacional.<\/span><\/p>\n<p style=\"text-align: justify;\"><span style=\"color: #333333;\">Considerando las tecnolog\u00edas digitales, los actores transnacionales y el discurso de los derechos humanos como elementos cruciales de la transnacionalizaci\u00f3n de la memoria, el proyecto \u201cDigital Memories\u201d propone abordar las siguientes preguntas: \u00bfC\u00f3mo promueven los medios digitales nuevas formas de agencia pol\u00edtica? \u00bfC\u00f3mo evaluar el rol de los nuevos medios en la formaci\u00f3n de objetos de memoria sin suscribir la tesis de la memoria digital como una entidad completamente fluida y desterritorializada? \u00bfC\u00f3mo utilizan efectivamente los actores globales estrategias transnacionales para intervenir en un contexto nacional\/local? \u00bfPuede la desaparici\u00f3n, como una tecnolog\u00eda de represi\u00f3n que difumina los l\u00edmites entre vida y muerte, pasado y presente, material e inmaterial, ser un modelo para interrogar la din\u00e1mica de la memoria digital?<\/span><\/p>\n<p style=\"text-align: justify;\"><span style=\"color: #333333;\">Un equipo interdisciplinario, formado por investigadores de estudios de memoria, estudios culturales, ciencias de la informaci\u00f3n, historia del arte, y derecho examina el rol de la memoria digital en la formaci\u00f3n de memorias transnacionales de la desaparici\u00f3n abordando tres dimensiones:<\/span><\/p>\n<p>&nbsp;<\/p>\n<p style=\"text-align: justify;\"><span style=\"color: #333333;\"><strong>Medios y Memoria<\/strong><\/span><\/p>\n<p style=\"text-align: justify;\"><span style=\"color: #333333;\">Indagaci\u00f3n te\u00f3rica de la interrelaci\u00f3n entre medios y memoria, m\u00e1s all\u00e1 del caso de estudio. El objetivo es examinar c\u00f3mo la memoria individual y colectiva se reconfigura bajo el impacto de los medios digitales. El enfoque metodol\u00f3gico propone un an\u00e1lisis comparativo de los objetos de memoria sobre la desaparici\u00f3n desarrollados en la esfera global (redes sociales como Facebook, Twitter, Youtube) en el caso mexicano, y aquellos creados en otros contextos del mundo hisp\u00e1nico previos a la emergencia de los medios digitales (performances, literatura, fotograf\u00eda, cine).<\/span><\/p>\n<p style=\"text-align: justify;\"><span style=\"color: #333333;\"><strong>Dimensi\u00f3n socio-pol\u00edtica <\/strong><\/span><\/p>\n<p style=\"text-align: justify;\"><span style=\"color: #333333;\">Esta secci\u00f3n se focaliza en la dimensi\u00f3n socio-pol\u00edtica del conflicto. Lo hace siguiendo dos l\u00edneas de indagaci\u00f3n: el contexto socio-pol\u00edtico en que las desapariciones tuvieron lugar (relaci\u00f3n entre democracia e impunidad, estructuras totalitarias que subyacen en los estados democr\u00e1ticos, debates en torno a \u201cfailed states\u201d versus \u201csecurity failed\u201d) y los movimientos sociales de resistencia que surgieron en los diferentes contextos para denunciar la desaparici\u00f3n como una violaci\u00f3n de derechos humanos.<\/span><\/p>\n<p style=\"text-align: justify;\"><span style=\"color: #333333;\"><strong>Dimensi\u00f3n legal<\/strong><\/span><\/p>\n<p style=\"text-align: justify;\"><span style=\"color: #333333;\">La tercera dimensi\u00f3n del proyecto se refiere a la relaci\u00f3n entre pr\u00e1cticas de memoria y los instrumentos legales para luchar en contra de la desaparici\u00f3n forzada. Esta dimensi\u00f3n se focaliza en c\u00f3mo la definici\u00f3n legal de desaparici\u00f3n es usada en M\u00e9xico, en particular cuando es aplicada en casos problem\u00e1ticos, tales como los de desaparici\u00f3n \u2018involuntaria\u2019 o desaparici\u00f3n llevada a cabo por organizaciones criminales. \u00bfC\u00f3mo contribuye la dimensi\u00f3n legal a construir la memoria?<\/span><\/p>\n<\/div>\n<\/div>\n<\/div>\n<\/div>\n<\/div>\n<\/div>\n<div class=\"vc_row wpb_row vc_row-fluid\" style=\"text-align: justify;\">\n<div class=\"wpb_column vc_column_container vc_col-sm-12\">\n<div class=\"vc_column-inner\">\n<div class=\"wpb_wrapper\">\n<div class=\"vc_empty_space\"><\/div>\n<div class=\"wpb_text_column wpb_content_element \">\n<div class=\"wpb_wrapper\">\n<p><span style=\"color: #333333;\">Radicado en la universidad de Lovaina (KU Leuven), el proyecto \u201cDigital Memories\u201d (2016-2021) est\u00e1 financiado por una beca \u201cStartingGrant\u201d del Consejo Europeo de Investigaci\u00f3n.<\/span><\/p>\n<\/div>\n<\/div>\n<\/div>\n<\/div>\n<\/div>\n<\/div>\n<div class=\"vc_row wpb_row vc_row-fluid\">\n<div class=\"wpb_column vc_column_container vc_col-sm-12\">\n<div class=\"vc_empty_space\" style=\"text-align: justify;\"><\/div>\n<div class=\"vc_column-inner\">\n<div class=\"wpb_wrapper\">\n<div class=\"wpb_text_column wpb_content_element \">\n<div class=\"wpb_wrapper\">\n<h6 style=\"text-align: center;\"><span style=\"color: #333333;\">Referencia de imagen principal:\u00a0<a style=\"color: #333333;\" href=\"https:\/\/www.flickr.com\/photos\/lancesh\/154871025\/in\/photolist-eFKL6-aeik2Z-Umb9kS-aeijqg-nZHHrV-Umb9yh-gsJdRV-oh2nZw-aem8gJ-o9aKz7-2GkNjD-c8aJDo-2a7uVf-9yMqih-nu1Hro-e6ELsx-inRPHi-ebQyAY-dV6xRh-bEfymg-aeimW2-hoh1-9seCJm-eCAah8-bPbb3g-eixh9c-4k7gxY-LeWjz-aem9Bw-dzoURe-dDXYLi-aQhkRk-USBAf3-5mZZB-djqJ9m-aein2p-b898MX-873fD8-8X1L1i-7EGDQj-qWMtYq-e79jX4-9Lwm3R-b4ZGN-epT5Pc-ZaeUC-7ANwNP-eoXUL8-axPABf-hxdgkh\" target=\"_blank\" rel=\"noopener noreferrer\"><span style=\"color: #993366;\">Flickr<\/span><\/a><\/span><\/h6>\n<\/div>\n<h6 style=\"color: #1e83ec;\"><\/h6>\n<\/div>\n<\/div>\n<\/div>\n<\/div>\n<\/div>\n[\/vc_column_text][\/vc_column_inner][\/vc_row_inner][vc_row_inner content_placement=\u00bbmiddle\u00bb column_margin=\u00bb20px\u00bb text_align=\u00bbleft\u00bb][vc_column_inner column_padding=\u00bbno-extra-padding\u00bb column_padding_position=\u00bball\u00bb background_color_opacity=\u00bb1&#8243; background_hover_color_opacity=\u00bb1&#8243; column_shadow=\u00bbnone\u00bb column_border_radius=\u00bbnone\u00bb column_link_target=\u00bb_self\u00bb width=\u00bb1\/3&#8243; tablet_width_inherit=\u00bbdefault\u00bb overlay_strength=\u00bb0.3&#8243; column_border_width=\u00bbnone\u00bb column_border_style=\u00bbsolid\u00bb bg_image_animation=\u00bbnone\u00bb enable_animation=\u00bbtrue\u00bb animation=\u00bbfade-in-from-bottom\u00bb][image_with_animation image_url=\u00bb6610&#8243; alignment=\u00bbcenter\u00bb animation=\u00bbFade In\u00bb hover_animation=\u00bbnone\u00bb border_radius=\u00bbnone\u00bb box_shadow=\u00bbnone\u00bb image_loading=\u00bbdefault\u00bb max_width=\u00bb100%\u00bb max_width_mobile=\u00bbdefault\u00bb margin_top=\u00bb20&#8243;][\/vc_column_inner][vc_column_inner column_padding=\u00bbno-extra-padding\u00bb column_padding_position=\u00bball\u00bb background_color_opacity=\u00bb1&#8243; background_hover_color_opacity=\u00bb1&#8243; column_shadow=\u00bbnone\u00bb column_border_radius=\u00bbnone\u00bb column_link_target=\u00bb_self\u00bb width=\u00bb1\/3&#8243; tablet_width_inherit=\u00bbdefault\u00bb overlay_strength=\u00bb0.3&#8243; column_border_width=\u00bbnone\u00bb column_border_style=\u00bbsolid\u00bb bg_image_animation=\u00bbnone\u00bb][\/vc_column_inner][vc_column_inner column_padding=\u00bbno-extra-padding\u00bb column_padding_position=\u00bball\u00bb background_color_opacity=\u00bb1&#8243; background_hover_color_opacity=\u00bb1&#8243; column_shadow=\u00bbnone\u00bb column_border_radius=\u00bbnone\u00bb column_link_target=\u00bb_self\u00bb width=\u00bb1\/3&#8243; tablet_width_inherit=\u00bbdefault\u00bb overlay_strength=\u00bb0.3&#8243; column_border_width=\u00bbnone\u00bb column_border_style=\u00bbsolid\u00bb bg_image_animation=\u00bbnone\u00bb][image_with_animation image_url=\u00bb6260&#8243; alignment=\u00bbcenter\u00bb animation=\u00bbFade In\u00bb hover_animation=\u00bbnone\u00bb border_radius=\u00bbnone\u00bb box_shadow=\u00bbnone\u00bb image_loading=\u00bbdefault\u00bb max_width=\u00bb100%\u00bb max_width_mobile=\u00bbdefault\u00bb margin_top=\u00bb20&#8243;][\/vc_column_inner][\/vc_row_inner][\/vc_column][vc_column column_padding=\u00bbno-extra-padding\u00bb column_padding_position=\u00bball\u00bb background_color_opacity=\u00bb1&#8243; background_hover_color_opacity=\u00bb1&#8243; column_link_target=\u00bb_self\u00bb column_shadow=\u00bbnone\u00bb column_border_radius=\u00bbnone\u00bb width=\u00bb1\/6&#8243; tablet_width_inherit=\u00bbdefault\u00bb tablet_text_alignment=\u00bbdefault\u00bb phone_text_alignment=\u00bbdefault\u00bb overlay_strength=\u00bb0.3&#8243; column_border_width=\u00bbnone\u00bb column_border_style=\u00bbsolid\u00bb bg_image_animation=\u00bbnone\u00bb][\/vc_column][\/vc_row]\n","protected":false},"excerpt":{"rendered":"<p>[vc_row type=\u00bbfull_width_content\u00bb full_screen_row_position=\u00bbmiddle\u00bb column_margin=\u00bbdefault\u00bb bg_image=\u00bb9&#8243; bg_position=\u00bbcenter center\u00bb bg_repeat=\u00bbno-repeat\u00bb bg_color=\u00bb#ffffff\u00bb scene_position=\u00bbcenter\u00bb text_color=\u00bbdark\u00bb text_align=\u00bbcenter\u00bb enable_gradient=\u00bbtrue\u00bb color_overlay=\u00bb#585b64&#8243; color_overlay_2=\u00bb#2c2f38&#8243; gradient_direction=\u00bbleft_t_to_right_b\u00bb overlay_strength=\u00bb0.95&#8243; shape_divider_position=\u00bbbottom\u00bb bg_image_animation=\u00bbnone\u00bb shape_type=\u00bb\u00bb][vc_column centered_text=\u00bbtrue\u00bb column_padding=\u00bbno-extra-padding\u00bb column_padding_position=\u00bball\u00bb background_color_opacity=\u00bb1&#8243; background_hover_color_opacity=\u00bb1&#8243; column_link_target=\u00bb_self\u00bb column_shadow=\u00bbnone\u00bb column_border_radius=\u00bbnone\u00bb width=\u00bb1\/1&#8243; tablet_width_inherit=\u00bbdefault\u00bb&#8230;<\/p>\n","protected":false},"author":1,"featured_media":0,"parent":0,"menu_order":0,"comment_status":"closed","ping_status":"closed","template":"","meta":[],"yoast_head":"<!-- This site is optimized with the Yoast SEO plugin v16.4 - https:\/\/yoast.com\/wordpress\/plugins\/seo\/ -->\n<title>Sobre el proyecto - Digital Memories<\/title>\n<meta name=\"robots\" content=\"index, follow, max-snippet:-1, max-image-preview:large, max-video-preview:-1\" \/>\n<link rel=\"canonical\" href=\"https:\/\/digitalmemories.be\/?page_id=6226\" \/>\n<meta property=\"og:locale\" content=\"es_ES\" \/>\n<meta property=\"og:type\" content=\"article\" \/>\n<meta property=\"og:title\" content=\"Sobre el proyecto - Digital Memories\" \/>\n<meta property=\"og:description\" content=\"[vc_row type=\u00bbfull_width_content\u00bb full_screen_row_position=\u00bbmiddle\u00bb column_margin=\u00bbdefault\u00bb bg_image=\u00bb9&#8243; bg_position=\u00bbcenter center\u00bb bg_repeat=\u00bbno-repeat\u00bb bg_color=\u00bb#ffffff\u00bb scene_position=\u00bbcenter\u00bb text_color=\u00bbdark\u00bb text_align=\u00bbcenter\u00bb enable_gradient=\u00bbtrue\u00bb color_overlay=\u00bb#585b64&#8243; color_overlay_2=\u00bb#2c2f38&#8243; gradient_direction=\u00bbleft_t_to_right_b\u00bb overlay_strength=\u00bb0.95&#8243; shape_divider_position=\u00bbbottom\u00bb bg_image_animation=\u00bbnone\u00bb shape_type=\u00bb\u00bb][vc_column centered_text=\u00bbtrue\u00bb column_padding=\u00bbno-extra-padding\u00bb column_padding_position=\u00bball\u00bb background_color_opacity=\u00bb1&#8243; background_hover_color_opacity=\u00bb1&#8243; column_link_target=\u00bb_self\u00bb column_shadow=\u00bbnone\u00bb column_border_radius=\u00bbnone\u00bb width=\u00bb1\/1&#8243; tablet_width_inherit=\u00bbdefault\u00bb...\" \/>\n<meta property=\"og:url\" content=\"https:\/\/digitalmemories.be\/?page_id=6226\" \/>\n<meta property=\"og:site_name\" content=\"Digital Memories\" \/>\n<meta property=\"article:modified_time\" content=\"2020-03-30T14:24:16+00:00\" \/>\n<meta name=\"twitter:card\" content=\"summary_large_image\" \/>\n<meta name=\"twitter:label1\" content=\"Tiempo de lectura\" \/>\n\t<meta name=\"twitter:data1\" content=\"7 minutos\" \/>\n<script type=\"application\/ld+json\" class=\"yoast-schema-graph\">{\"@context\":\"https:\/\/schema.org\",\"@graph\":[{\"@type\":\"WebSite\",\"@id\":\"https:\/\/digitalmemories.be\/#website\",\"url\":\"https:\/\/digitalmemories.be\/\",\"name\":\"Digital Memories\",\"description\":\"\",\"potentialAction\":[{\"@type\":\"SearchAction\",\"target\":\"https:\/\/digitalmemories.be\/?s={search_term_string}\",\"query-input\":\"required name=search_term_string\"}],\"inLanguage\":\"es\"},{\"@type\":\"WebPage\",\"@id\":\"https:\/\/digitalmemories.be\/?page_id=6226#webpage\",\"url\":\"https:\/\/digitalmemories.be\/?page_id=6226\",\"name\":\"Sobre el proyecto - Digital Memories\",\"isPartOf\":{\"@id\":\"https:\/\/digitalmemories.be\/#website\"},\"datePublished\":\"2015-12-30T15:17:20+00:00\",\"dateModified\":\"2020-03-30T14:24:16+00:00\",\"breadcrumb\":{\"@id\":\"https:\/\/digitalmemories.be\/?page_id=6226#breadcrumb\"},\"inLanguage\":\"es\",\"potentialAction\":[{\"@type\":\"ReadAction\",\"target\":[\"https:\/\/digitalmemories.be\/?page_id=6226\"]}]},{\"@type\":\"BreadcrumbList\",\"@id\":\"https:\/\/digitalmemories.be\/?page_id=6226#breadcrumb\",\"itemListElement\":[{\"@type\":\"ListItem\",\"position\":1,\"item\":{\"@type\":\"WebPage\",\"@id\":\"https:\/\/digitalmemories.be\/\",\"url\":\"https:\/\/digitalmemories.be\/\",\"name\":\"Portada\"}},{\"@type\":\"ListItem\",\"position\":2,\"item\":{\"@id\":\"https:\/\/digitalmemories.be\/?page_id=6226#webpage\"}}]}]}<\/script>\n<!-- \/ Yoast SEO plugin. -->","_links":{"self":[{"href":"https:\/\/digitalmemories.be\/index.php?rest_route=\/wp\/v2\/pages\/6226"}],"collection":[{"href":"https:\/\/digitalmemories.be\/index.php?rest_route=\/wp\/v2\/pages"}],"about":[{"href":"https:\/\/digitalmemories.be\/index.php?rest_route=\/wp\/v2\/types\/page"}],"author":[{"embeddable":true,"href":"https:\/\/digitalmemories.be\/index.php?rest_route=\/wp\/v2\/users\/1"}],"replies":[{"embeddable":true,"href":"https:\/\/digitalmemories.be\/index.php?rest_route=%2Fwp%2Fv2%2Fcomments&post=6226"}],"version-history":[{"count":12,"href":"https:\/\/digitalmemories.be\/index.php?rest_route=\/wp\/v2\/pages\/6226\/revisions"}],"predecessor-version":[{"id":6620,"href":"https:\/\/digitalmemories.be\/index.php?rest_route=\/wp\/v2\/pages\/6226\/revisions\/6620"}],"wp:attachment":[{"href":"https:\/\/digitalmemories.be\/index.php?rest_route=%2Fwp%2Fv2%2Fmedia&parent=6226"}],"curies":[{"name":"wp","href":"https:\/\/api.w.org\/{rel}","templated":true}]}}